{"id":233,"date":"2024-05-28T09:40:54","date_gmt":"2024-05-28T12:40:54","guid":{"rendered":"https:\/\/ecriativa.com.br\/wp\/?page_id=233"},"modified":"2025-04-10T10:30:26","modified_gmt":"2025-04-10T13:30:26","slug":"sobre","status":"publish","type":"page","link":"https:\/\/rbcc.net.br\/wp\/sobre\/","title":{"rendered":"Sobre"},"content":{"rendered":"\t\t<div data-elementor-type=\"wp-page\" data-elementor-id=\"233\" class=\"elementor elementor-233\" data-elementor-post-type=\"page\">\n\t\t\t\t<div class=\"elementor-element elementor-element-e00f32b e-flex e-con-boxed wpr-particle-no wpr-jarallax-no wpr-parallax-no wpr-sticky-section-no e-con e-parent\" data-id=\"e00f32b\" data-element_type=\"container\" data-e-type=\"container\" data-settings=\"{&quot;background_background&quot;:&quot;classic&quot;,&quot;jet_parallax_layout_list&quot;:[]}\">\n\t\t\t\t\t<div class=\"e-con-inner\">\n\t\t\t\t<div class=\"elementor-element elementor-element-41b99ff elementor-widget elementor-widget-heading\" data-id=\"41b99ff\" data-element_type=\"widget\" data-e-type=\"widget\" data-widget_type=\"heading.default\">\n\t\t\t\t<div class=\"elementor-widget-container\">\n\t\t\t\t\t<h2 class=\"elementor-heading-title elementor-size-default\">Sobre a RBCC<\/h2>\t\t\t\t<\/div>\n\t\t\t\t<\/div>\n\t\t\t\t\t<\/div>\n\t\t\t\t<\/div>\n\t\t<div class=\"elementor-element elementor-element-43d911f e-flex e-con-boxed wpr-particle-no wpr-jarallax-no wpr-parallax-no wpr-sticky-section-no e-con e-parent\" data-id=\"43d911f\" data-element_type=\"container\" data-e-type=\"container\" data-settings=\"{&quot;jet_parallax_layout_list&quot;:[]}\">\n\t\t\t\t\t<div class=\"e-con-inner\">\n\t\t<div class=\"elementor-element elementor-element-05f340f e-con-full e-flex wpr-particle-no wpr-jarallax-no wpr-parallax-no wpr-sticky-section-no e-con e-child\" data-id=\"05f340f\" data-element_type=\"container\" data-e-type=\"container\" data-settings=\"{&quot;jet_parallax_layout_list&quot;:[]}\">\n\t\t\t\t<div class=\"elementor-element elementor-element-c31b1b3 elementor-widget elementor-widget-heading\" data-id=\"c31b1b3\" data-element_type=\"widget\" data-e-type=\"widget\" data-widget_type=\"heading.default\">\n\t\t\t\t<div class=\"elementor-widget-container\">\n\t\t\t\t\t<h2 class=\"elementor-heading-title elementor-size-default\">O QUE PODEMOS FALAR SOBRE A REDE BRASILEIRA DE CIDADES CRIATIVAS - RBCC?\n<\/h2>\t\t\t\t<\/div>\n\t\t\t\t<\/div>\n\t\t\t\t<div class=\"elementor-element elementor-element-8e5aa89 elementor-widget elementor-widget-text-editor\" data-id=\"8e5aa89\" data-element_type=\"widget\" data-e-type=\"widget\" data-widget_type=\"text-editor.default\">\n\t\t\t\t<div class=\"elementor-widget-container\">\n\t\t\t\t\t\t\t\t\t<p>A RBCC \u00e9 uma Associa\u00e7\u00e3o composta pelas 14 cidades brasileiras que receberam o selo de Cidade Criativa da UNESCO: Fortaleza (design), Paraty (gastronomia), Bel\u00e9m (gastronomia), Belo Horizonte (gastronomia), Santos (cinema), Florian\u00f3polis (gastronomia), Recife (m\u00fasica), Salvador (m\u00fasica), Bras\u00edlia (design), Jo\u00e3o Pessoa (artesanato\/arte popular), Curitiba (design), Campina Grande (artes midi\u00e1ticas). Nossa miss\u00e3o \u00e9 ajudar todos os munic\u00edpios brasileiros a desenvolverem progressivamente a sua ind\u00fastria criativa, impactando positivamente os Objetivos de Desenvolvimento Sustent\u00e1vel com o empreendedorismo baseado na criatividade, na tecnologia, nas artes e na cultura.<\/p>\t\t\t\t\t\t\t\t<\/div>\n\t\t\t\t<\/div>\n\t\t\t\t<\/div>\n\t\t<div class=\"elementor-element elementor-element-b899d7f e-con-full e-flex wpr-particle-no wpr-jarallax-no wpr-parallax-no wpr-sticky-section-no e-con e-child\" data-id=\"b899d7f\" data-element_type=\"container\" data-e-type=\"container\" data-settings=\"{&quot;jet_parallax_layout_list&quot;:[]}\">\n\t\t\t\t<div class=\"elementor-element elementor-element-dae4727 elementor-widget elementor-widget-image\" data-id=\"dae4727\" data-element_type=\"widget\" data-e-type=\"widget\" data-widget_type=\"image.default\">\n\t\t\t\t<div class=\"elementor-widget-container\">\n\t\t\t\t\t\t\t\t\t\t\t\t\t\t\t<img fetchpriority=\"high\" decoding=\"async\" width=\"437\" height=\"438\" src=\"https:\/\/rbcc.net.br\/wp\/wp-content\/uploads\/2024\/05\/ideia.png\" class=\"attachment-large size-large wp-image-304\" alt=\"\" srcset=\"https:\/\/rbcc.net.br\/wp\/wp-content\/uploads\/2024\/05\/ideia.png 437w, https:\/\/rbcc.net.br\/wp\/wp-content\/uploads\/2024\/05\/ideia-300x300.png 300w, https:\/\/rbcc.net.br\/wp\/wp-content\/uploads\/2024\/05\/ideia-150x150.png 150w\" sizes=\"(max-width: 437px) 100vw, 437px\" \/>\t\t\t\t\t\t\t\t\t\t\t\t\t\t\t<\/div>\n\t\t\t\t<\/div>\n\t\t\t\t<\/div>\n\t\t\t\t\t<\/div>\n\t\t\t\t<\/div>\n\t\t<div class=\"elementor-element elementor-element-5d858bc e-flex e-con-boxed wpr-particle-no wpr-jarallax-no wpr-parallax-no wpr-sticky-section-no e-con e-parent\" data-id=\"5d858bc\" data-element_type=\"container\" data-e-type=\"container\" data-settings=\"{&quot;jet_parallax_layout_list&quot;:[]}\">\n\t\t\t\t\t<div class=\"e-con-inner\">\n\t\t<div class=\"elementor-element elementor-element-8787cff e-con-full e-flex wpr-particle-no wpr-jarallax-no wpr-parallax-no wpr-sticky-section-no e-con e-child\" data-id=\"8787cff\" data-element_type=\"container\" data-e-type=\"container\" data-settings=\"{&quot;jet_parallax_layout_list&quot;:[]}\">\n\t\t\t\t<div class=\"elementor-element elementor-element-da3c0e9 elementor-widget elementor-widget-heading\" data-id=\"da3c0e9\" data-element_type=\"widget\" data-e-type=\"widget\" data-widget_type=\"heading.default\">\n\t\t\t\t<div class=\"elementor-widget-container\">\n\t\t\t\t\t<h2 class=\"elementor-heading-title elementor-size-default\">Mais que parcerias\u2026 uma verdadeira REDE!\n<\/h2>\t\t\t\t<\/div>\n\t\t\t\t<\/div>\n\t\t\t\t<div class=\"elementor-element elementor-element-8b417a0 elementor-widget elementor-widget-text-editor\" data-id=\"8b417a0\" data-element_type=\"widget\" data-e-type=\"widget\" data-widget_type=\"text-editor.default\">\n\t\t\t\t<div class=\"elementor-widget-container\">\n\t\t\t\t\t\t\t\t\t<div class=\"wpb_text_column wpb_content_element\"><div class=\"wpb_wrapper\"><p>Por meio dos Pontos Focais destas cidades, a RBCC integra uma rede com dezenas de organiza\u00e7\u00f5es, empresas e laborat\u00f3rios de criatividade no Brasil e no Mundo, tais como o FelizCidade \u2013 Laborat\u00f3rio de Inova\u00e7\u00e3o em Economia Criativa da UFCG, o Laborat\u00f3rio de Inova\u00e7\u00e3o no Artesanato da Para\u00edba, etc.<\/p><\/div><\/div><div class=\"title-wrapper basel-title-color-default basel-title-style-cross basel-title-size-default text-left \">\u00a0<\/div>\t\t\t\t\t\t\t\t<\/div>\n\t\t\t\t<\/div>\n\t\t\t\t<div class=\"elementor-element elementor-element-fed7c8e elementor-widget elementor-widget-heading\" data-id=\"fed7c8e\" data-element_type=\"widget\" data-e-type=\"widget\" data-widget_type=\"heading.default\">\n\t\t\t\t<div class=\"elementor-widget-container\">\n\t\t\t\t\t<h2 class=\"elementor-heading-title elementor-size-default\">A\u00e7\u00f5es capacitadoras\n<\/h2>\t\t\t\t<\/div>\n\t\t\t\t<\/div>\n\t\t\t\t<div class=\"elementor-element elementor-element-3f5b566 elementor-widget elementor-widget-heading\" data-id=\"3f5b566\" data-element_type=\"widget\" data-e-type=\"widget\" data-widget_type=\"heading.default\">\n\t\t\t\t<div class=\"elementor-widget-container\">\n\t\t\t\t\t<h2 class=\"elementor-heading-title elementor-size-default\">Contribui\u00e7\u00e3o<\/h2>\t\t\t\t<\/div>\n\t\t\t\t<\/div>\n\t\t\t\t<div class=\"elementor-element elementor-element-a42c714 elementor-widget elementor-widget-text-editor\" data-id=\"a42c714\" data-element_type=\"widget\" data-e-type=\"widget\" data-widget_type=\"text-editor.default\">\n\t\t\t\t<div class=\"elementor-widget-container\">\n\t\t\t\t\t\t\t\t\t<div class=\"wpb_text_column wpb_content_element\"><div class=\"wpb_wrapper\"><div class=\"wpb_column vc_column_container vc_col-sm-9 vc_col-md-6\"><div class=\"vc_column-inner vc_custom_1485009354843\"><div class=\"wpb_wrapper\"><div class=\"title-wrapper basel-title-color-default basel-title-style-cross basel-title-size-default text-left \"><span class=\"title-after_title\">A RBCC oferece aos munic\u00edpios brasileiros v\u00e1rias experi\u00eancias capacitadoras em rede, por meio de parcerias em projetos integradores nacionais e internacionais. Dentre elas destacamos o Programa de Maturidade de Cidades Criativas (PMCC), o F\u00f3rum Brasileiro de Territ\u00f3rios e Cidades Criativas e a Resid\u00eancia em Economia Criativa.<\/span><\/div><\/div><\/div><\/div><div class=\"wpb_column vc_column_container vc_col-sm-3 vc_col-md-6\"><div class=\"vc_column-inner vc_custom_1712334247506\"><div class=\"wpb_wrapper\">\u00a0<\/div><\/div><\/div><\/div><\/div>\t\t\t\t\t\t\t\t<\/div>\n\t\t\t\t<\/div>\n\t\t\t\t<\/div>\n\t\t<div class=\"elementor-element elementor-element-08100ba e-con-full e-flex wpr-particle-no wpr-jarallax-no wpr-parallax-no wpr-sticky-section-no e-con e-child\" data-id=\"08100ba\" data-element_type=\"container\" data-e-type=\"container\" data-settings=\"{&quot;jet_parallax_layout_list&quot;:[]}\">\n\t\t\t\t<div class=\"elementor-element elementor-element-9a48cb9 elementor-widget elementor-widget-image\" data-id=\"9a48cb9\" data-element_type=\"widget\" data-e-type=\"widget\" data-widget_type=\"image.default\">\n\t\t\t\t<div class=\"elementor-widget-container\">\n\t\t\t\t\t\t\t\t\t\t\t\t\t\t\t<img decoding=\"async\" width=\"600\" height=\"502\" src=\"https:\/\/rbcc.net.br\/wp\/wp-content\/uploads\/2024\/06\/unesco_city_new.png\" class=\"attachment-medium_large size-medium_large wp-image-924\" alt=\"\" srcset=\"https:\/\/rbcc.net.br\/wp\/wp-content\/uploads\/2024\/06\/unesco_city_new.png 600w, https:\/\/rbcc.net.br\/wp\/wp-content\/uploads\/2024\/06\/unesco_city_new-300x251.png 300w\" sizes=\"(max-width: 600px) 100vw, 600px\" \/>\t\t\t\t\t\t\t\t\t\t\t\t\t\t\t<\/div>\n\t\t\t\t<\/div>\n\t\t\t\t<div class=\"elementor-element elementor-element-8f30979 elementor-widget elementor-widget-heading\" data-id=\"8f30979\" data-element_type=\"widget\" data-e-type=\"widget\" data-widget_type=\"heading.default\">\n\t\t\t\t<div class=\"elementor-widget-container\">\n\t\t\t\t\t<h2 class=\"elementor-heading-title elementor-size-default\">CIDADES CRIATIVAS DA UNESCO\n<\/h2>\t\t\t\t<\/div>\n\t\t\t\t<\/div>\n\t\t\t\t<div class=\"elementor-element elementor-element-d26e693 elementor-widget elementor-widget-text-editor\" data-id=\"d26e693\" data-element_type=\"widget\" data-e-type=\"widget\" data-widget_type=\"text-editor.default\">\n\t\t\t\t<div class=\"elementor-widget-container\">\n\t\t\t\t\t\t\t\t\t<div class=\"wpb_text_column wpb_content_element\"><div class=\"wpb_wrapper\"><div class=\"main-page-wrapper\"><div class=\"container\"><div class=\"row\"><div class=\"site-content col-sm-12\" role=\"main\"><article id=\"post-781\" class=\"post-781 page type-page status-publish hentry\"><div class=\"entry-content\"><div class=\"vc_row wpb_row vc_row-fluid vc_custom_1712334309676 vc_row-no-padding vc_row-o-content-top vc_row-flex\" data-vc-full-width=\"true\" data-vc-full-width-init=\"true\" data-vc-stretch-content=\"true\"><div class=\"wpb_column vc_column_container vc_col-sm-3 vc_col-md-6\"><div class=\"vc_column-inner vc_custom_1712334247506\"><div class=\"wpb_wrapper\"><div class=\"vc_row wpb_row vc_inner vc_row-fluid\"><div class=\"wpb_column vc_column_container vc_col-sm-6\"><div class=\"vc_column-inner\"><div class=\"wpb_wrapper\"><div class=\"wpb_text_column wpb_content_element\"><div class=\"wpb_wrapper\"><p>Conhe\u00e7a as 14 cidades brasileiras que se submeteram a uma avalia\u00e7\u00e3o rigorosa de suas pr\u00e1ticas de apoio \u00e0 Economia Criativa em seus territ\u00f3rios municipais de desenvolvimento sustent\u00e1vel, realizada pela UNESCO, e receberam o selo de Cidade Criativa da UNESCO. Como consequ\u00eancia, elas pertencem \u00e0 Rede Mundial de Cidades Criativas da UNESCO (UCCN \u2013 UNESCO Creative Cities Network). A UNESCO estabelece os padr\u00f5es de excel\u00eancia das pr\u00e1ticas de apoio \u00e0 economia criativa em mais de 300 cidades e realiza anualmente a Confer\u00eancia Mundial da UCCN para promover parcerias internacionais.<\/p><\/div><\/div><\/div><\/div><\/div><\/div><\/div><\/div><\/div><\/div><div class=\"vc_row-full-width vc_clearfix\">\u00a0<\/div><\/div><\/article><\/div><\/div><\/div><\/div><footer class=\"footer-container color-scheme-light\"><div class=\"container main-footer\"><aside class=\"footer-sidebar widget-area row\" role=\"complementary\"><div class=\"footer-column footer-column-1 col-md-12 col-sm-12\"><div id=\"text-2\" class=\"footer-widget widget_text\"><div class=\"textwidget\">\u00a0<\/div><\/div><\/div><\/aside><\/div><\/footer><\/div><\/div><div class=\"title-wrapper basel-title-color-default basel-title-style-cross basel-title-size-default text-left \">\u00a0<\/div>\t\t\t\t\t\t\t\t<\/div>\n\t\t\t\t<\/div>\n\t\t\t\t<\/div>\n\t\t\t\t\t<\/div>\n\t\t\t\t<\/div>\n\t\t\t\t<\/div>\n\t\t","protected":false},"excerpt":{"rendered":"<p>Sobre a RBCC O QUE PODEMOS FALAR SOBRE A REDE BRASILEIRA DE CIDADES CRIATIVAS &#8211; RBCC? A RBCC \u00e9 uma Associa\u00e7\u00e3o composta pelas 14 cidades brasileiras que receberam o selo de Cidade Criativa da UNESCO: Fortaleza (design), Paraty (gastronomia), Bel\u00e9m (gastronomia), Belo Horizonte (gastronomia), Santos (cinema), Florian\u00f3polis (gastronomia), Recife (m\u00fasica), Salvador (m\u00fasica), Bras\u00edlia (design), Jo\u00e3o Pessoa (artesanato\/arte popular), Curitiba (design), Campina Grande (artes midi\u00e1ticas). Nossa miss\u00e3o \u00e9 ajudar todos os munic\u00edpios brasileiros a desenvolverem progressivamente a sua ind\u00fastria criativa, impactando positivamente os Objetivos de Desenvolvimento Sustent\u00e1vel com o empreendedorismo baseado na criatividade, na tecnologia, nas artes e na cultura. Mais que parcerias\u2026 uma verdadeira REDE! Por meio dos Pontos Focais destas cidades, a RBCC integra uma rede com dezenas de organiza\u00e7\u00f5es, empresas e laborat\u00f3rios de criatividade no Brasil e no Mundo, tais como o FelizCidade \u2013 Laborat\u00f3rio de Inova\u00e7\u00e3o em Economia Criativa da UFCG, o Laborat\u00f3rio de Inova\u00e7\u00e3o no Artesanato da Para\u00edba, etc. \u00a0 A\u00e7\u00f5es capacitadoras Contribui\u00e7\u00e3o A RBCC oferece aos munic\u00edpios brasileiros v\u00e1rias experi\u00eancias capacitadoras em rede, por meio de parcerias em projetos integradores nacionais e internacionais. Dentre elas destacamos o Programa de Maturidade de Cidades Criativas (PMCC), o F\u00f3rum Brasileiro de Territ\u00f3rios e Cidades Criativas e a Resid\u00eancia em Economia Criativa.\u00a0 CIDADES CRIATIVAS DA UNESCO Conhe\u00e7a as 14 cidades brasileiras que se submeteram a uma avalia\u00e7\u00e3o rigorosa de suas pr\u00e1ticas de apoio \u00e0 Economia Criativa em seus territ\u00f3rios municipais de desenvolvimento sustent\u00e1vel, realizada pela UNESCO, e receberam o selo de Cidade Criativa da UNESCO. Como consequ\u00eancia, elas pertencem \u00e0 Rede Mundial de Cidades Criativas da UNESCO (UCCN \u2013 UNESCO Creative Cities Network). A UNESCO estabelece os padr\u00f5es de excel\u00eancia das pr\u00e1ticas de apoio \u00e0 economia criativa em mais de 300 cidades e realiza anualmente a Confer\u00eancia Mundial da UCCN para promover parcerias internacionais. \u00a0 \u00a0 \u00a0<\/p>\n","protected":false},"author":1,"featured_media":0,"parent":0,"menu_order":0,"comment_status":"closed","ping_status":"closed","template":"elementor_theme","meta":{"_joinchat":[],"footnotes":""},"class_list":["post-233","page","type-page","status-publish","hentry"],"_links":{"self":[{"href":"https:\/\/rbcc.net.br\/wp\/wp-json\/wp\/v2\/pages\/233","targetHints":{"allow":["GET"]}}],"collection":[{"href":"https:\/\/rbcc.net.br\/wp\/wp-json\/wp\/v2\/pages"}],"about":[{"href":"https:\/\/rbcc.net.br\/wp\/wp-json\/wp\/v2\/types\/page"}],"author":[{"embeddable":true,"href":"https:\/\/rbcc.net.br\/wp\/wp-json\/wp\/v2\/users\/1"}],"replies":[{"embeddable":true,"href":"https:\/\/rbcc.net.br\/wp\/wp-json\/wp\/v2\/comments?post=233"}],"version-history":[{"count":22,"href":"https:\/\/rbcc.net.br\/wp\/wp-json\/wp\/v2\/pages\/233\/revisions"}],"predecessor-version":[{"id":3483,"href":"https:\/\/rbcc.net.br\/wp\/wp-json\/wp\/v2\/pages\/233\/revisions\/3483"}],"wp:attachment":[{"href":"https:\/\/rbcc.net.br\/wp\/wp-json\/wp\/v2\/media?parent=233"}],"curies":[{"name":"wp","href":"https:\/\/api.w.org\/{rel}","templated":true}]}}